{"id":568,"date":"2017-03-03T14:24:20","date_gmt":"2017-03-03T14:24:20","guid":{"rendered":"http:\/\/gefaehrdeten-hilfe.de\/?page_id=568"},"modified":"2018-06-27T12:32:03","modified_gmt":"2018-06-27T11:32:03","slug":"home-3","status":"publish","type":"page","link":"http:\/\/gefaehrdeten-hilfe.de\/","title":{"rendered":"Start"},"content":{"rendered":"<h3><strong>Die Wohngemeinschaft<\/strong><\/h3>\n<p><strong>Im Jahr 2017 wurde die Wohngemeinschaft &#8222;Hoffnung e.V&#8220; \u00a0auf einem Gel\u00e4nde in der kleinen Gemeinde Stolzenau &#8211; im Kreis Nienburg von Menschen gegr\u00fcndet, die es sich zum Ziel gesetzt hatten, obdach- und wohnungslosen Suchtkranken schnelle und unb\u00fcrokratische Hilfe zu gew\u00e4hren. Dabei stand die Sicherung der Grundbed\u00fcrfnisse nach Wohnung, Nahrung und Vernetzung mit dem Gesundheitssystem im Vordergrund. Auch im schwerpunktm\u00e4\u00dfig Suchtkranken die aus dem deutsch und russischsprachigen Raum kommen, eine Wohnm\u00f6glichkeit und verbindet dies mit einem differenzierten Angebot lebenspraktischer und alltagsbezogenen Hilfen zur (Wieder-) Eingliederung in die Gesellschaft. Hierf\u00fcr steht ein, vielseitig professionelles deutsch\/russischsprachiges Team von Mitarbeitern mit gr\u00fcndlicher Erfahrung in der Hilfe f\u00fcr Menschen mit Alkohol- und Drogenproblemen zur Verf\u00fcgung.<\/strong><\/p>\n<h3><strong>Zum Verhaltenskodex<\/strong><\/h3>\n<p><strong>F\u00fcr uns steht der einzelne Mensch, seine W\u00fcrde und seine Ressourcen im Mittelpunkt.\u00a0 Unsere Arbeitsweise fu\u00dft auf gegenseitiger Achtung und Wertsch\u00e4tzung sowie auf Toleranz und Respekt. Wir sehen in diesen Werten eine solide Basis f\u00fcr ein gutes Miteinander und eine konstruktive Zusammenarbeit.<\/strong><\/p>\n<p><strong>Von den Bewohnern wird erwartet, dass sie sich ernsthaft und nachdr\u00fccklich um ein suchtmittelfreies Leben bem\u00fchen, das Gemeinschaftsleben f\u00f6rdern, die verschiedenen Angebote zu ihrem eigenen Nutzen wahrnehmen und die Hausordnung einhalten. Zu den Grundlagen des gemeinschaftlichen Wohnens geh\u00f6ren die Mitarbeit bei Gemeinschaftsaufgaben, das Verbot Gewalt gegen\u00fcber Mitbewohnern oder Mitarbeitern anzudrohen oder auszu\u00fcben, und Rauschmittel weder zu konsumieren noch einzubringen.<\/strong><\/p>\n<h3><strong>Unsere Werte<\/strong><\/h3>\n<p><strong>Unser Handeln geschieht aus christlicher Verantwortung und folgt dem humanistischem Menschenbild, das jedem Menschen seine W\u00fcrde, Individualit\u00e4t und Selbstbestimmung zuspricht und Diskriminierung und Ausgrenzung ablehnt. Wir glauben an die grunds\u00e4tzlich in jedem Menschen angelegte F\u00e4higkeit, seinen Lebensweg selbst ma\u00dfgeblich beeinflussen zu k\u00f6nnen und daran, dass unsere Hilfs-, Beratungs- und Unterst\u00fctzungsangebote dazu beitragen, ihnen dabei zu helfen. Es ist unser Ziel und unsere vorrangige Aufgabe, die gesellschaftliche Wiedereingliederung zu erm\u00f6glichen und den Wunsch nach einem suchtmittelfreien Leben mit allem Nachdruck zu unterst\u00fctzen.<\/strong><\/p>\n<p><img loading=\"lazy\" class=\"size-medium wp-image-883 aligncenter\" src=\"http:\/\/gefaehrdeten-hilfe.de\/wp-content\/uploads\/2018\/06\/Stempel-1-300x300.jpg\" alt=\"\" width=\"300\" height=\"300\" srcset=\"http:\/\/gefaehrdeten-hilfe.de\/wp-content\/uploads\/2018\/06\/Stempel-1-300x300.jpg 300w, http:\/\/gefaehrdeten-hilfe.de\/wp-content\/uploads\/2018\/06\/Stempel-1-150x150.jpg 150w, http:\/\/gefaehrdeten-hilfe.de\/wp-content\/uploads\/2018\/06\/Stempel-1-768x768.jpg 768w, http:\/\/gefaehrdeten-hilfe.de\/wp-content\/uploads\/2018\/06\/Stempel-1-370x370.jpg 370w, http:\/\/gefaehrdeten-hilfe.de\/wp-content\/uploads\/2018\/06\/Stempel-1-90x90.jpg 90w, http:\/\/gefaehrdeten-hilfe.de\/wp-content\/uploads\/2018\/06\/Stempel-1-760x760.jpg 760w, http:\/\/gefaehrdeten-hilfe.de\/wp-content\/uploads\/2018\/06\/Stempel-1-100x100.jpg 100w, http:\/\/gefaehrdeten-hilfe.de\/wp-content\/uploads\/2018\/06\/Stempel-1.jpg 1000w\" sizes=\"(max-width: 300px) 100vw, 300px\" \/><\/p>\n","protected":false},"excerpt":{"rendered":"<p>Die Wohngemeinschaft Im Jahr 2017 wurde die Wohngemeinschaft &#8222;Hoffnung e.V&#8220; \u00a0auf einem Gel\u00e4nde in der kleinen Gemeinde Stolzenau &#8211; im Kreis Nienburg von Menschen gegr\u00fcndet, die es sich zum Ziel gesetzt hatten, obdach- und wohnungslosen Suchtkranken schnelle und unb\u00fcrokratische Hilfe zu gew\u00e4hren. Dabei stand die Sicherung der Grundbed\u00fcrfnisse nach Wohnung, Nahrung und Vernetzung mit dem Gesundheitssystem im Vordergrund. Auch im&hellip;<\/p>\n","protected":false},"author":1,"featured_media":0,"parent":0,"menu_order":0,"comment_status":"closed","ping_status":"closed","template":"","meta":[],"_links":{"self":[{"href":"http:\/\/gefaehrdeten-hilfe.de\/index.php?rest_route=\/wp\/v2\/pages\/568"}],"collection":[{"href":"http:\/\/gefaehrdeten-hilfe.de\/index.php?rest_route=\/wp\/v2\/pages"}],"about":[{"href":"http:\/\/gefaehrdeten-hilfe.de\/index.php?rest_route=\/wp\/v2\/types\/page"}],"author":[{"embeddable":true,"href":"http:\/\/gefaehrdeten-hilfe.de\/index.php?rest_route=\/wp\/v2\/users\/1"}],"replies":[{"embeddable":true,"href":"http:\/\/gefaehrdeten-hilfe.de\/index.php?rest_route=%2Fwp%2Fv2%2Fcomments&post=568"}],"version-history":[{"count":7,"href":"http:\/\/gefaehrdeten-hilfe.de\/index.php?rest_route=\/wp\/v2\/pages\/568\/revisions"}],"predecessor-version":[{"id":947,"href":"http:\/\/gefaehrdeten-hilfe.de\/index.php?rest_route=\/wp\/v2\/pages\/568\/revisions\/947"}],"wp:attachment":[{"href":"http:\/\/gefaehrdeten-hilfe.de\/index.php?rest_route=%2Fwp%2Fv2%2Fmedia&parent=568"}],"curies":[{"name":"wp","href":"https:\/\/api.w.org\/{rel}","templated":true}]}}